{"id":3492,"date":"2022-02-07T23:05:09","date_gmt":"2022-02-07T22:05:09","guid":{"rendered":"https:\/\/www.profteq.it\/?page_id=3492"},"modified":"2026-03-26T15:48:37","modified_gmt":"2026-03-26T14:48:37","slug":"servicos","status":"publish","type":"page","link":"https:\/\/www.profteq.it\/pt-pt\/servicos\/","title":{"rendered":"SERVI\u00c7OS"},"content":{"rendered":"<p>[vc_row el_id=&#8221;servizi-intro&#8221; css=&#8221;.vc_custom_1675606876622{margin-top: 25px !important;}&#8221; el_class=&#8221;middle-row&#8221;][vc_column css=&#8221;.vc_custom_1675435190329{margin-top: -12px !important;}&#8221;][vc_single_image image=&#8221;2125&#8243; img_size=&#8221;full&#8221; alignment=&#8221;center&#8221;][\/vc_column][\/vc_row][vc_row el_id=&#8221;assistenza-tecnica&#8221; css=&#8221;.vc_custom_1675449897776{padding-bottom: 90px !important;}&#8221;][vc_column][vc_column_text]<\/p>\n<h2 style=\"text-align: center;\">ASSIST\u00caNCIA T\u00c9CNICA<\/h2>\n<p>[\/vc_column_text][vc_column_text css=&#8221;.vc_custom_1715930394593{padding-top: 18px !important;padding-bottom: 12px !important;}&#8221;]<\/p>\n<p style=\"text-align: center;\">O servi\u00e7o p\u00f3s-venda da ProfteQ prev\u00ea <strong>planos de assist\u00eancia t\u00e9cnica e manuten\u00e7\u00e3o concebidos sob medida<\/strong> em fun\u00e7\u00e3o das m\u00e1quinas de cada cliente e das diferentes exig\u00eancias de produ\u00e7\u00e3o.<br \/>\nGra\u00e7as \u00e0 grande expertise dos revendedores e centros autorizados ProfteQ, presentes em todo o mundo, conseguimos oferecer um <strong>servi\u00e7o r\u00e1pido, eficiente e profissional.<\/strong><br \/>\nOferecemos ao cliente <strong>pacotes de assist\u00eancia telef\u00f4nica e \u00e0 dist\u00e2ncia completamente personaliz\u00e1veis.<\/strong><br \/>\nO servi\u00e7o est\u00e1 ativo de segunda a sexta-feira, das 9h \u00e0s 12h e das 13h30 \u00e0s 16h30.<\/p>\n<p>[\/vc_column_text][vc_column_text el_class=&#8221;large-text&#8221; css=&#8221;.vc_custom_1774536512982{padding-top: 5px !important;}&#8221;]<\/p>\n<p style=\"text-align: center;\">O cliente pode contatar nossos t\u00e9cnicos especializados ligando para o n\u00famero <a href=\"tel:390499325691\"><span style=\"color: #005140;\">+39 049 9325691<\/span><\/a> ou escrevendo para <a href=\"mailto:service@profteq.it\"><span style=\"color: #005140;\">service@profteq.it<\/span><\/a><\/p>\n<p>[\/vc_column_text][\/vc_column][\/vc_row][vc_row equal_height=&#8221;yes&#8221; content_placement=&#8221;middle&#8221; el_id=&#8221;assistenza-service&#8221; el_class=&#8221;image-row&#8221;][vc_column width=&#8221;1\/2&#8243; css=&#8221;.vc_custom_1686325521015{background-image: url(https:\/\/www.profteq.it\/wp-content\/uploads\/2023\/06\/Consulenza.jpg?id=1381) !important;}&#8221; el_class=&#8221;image-row-img&#8221;][\/vc_column][vc_column width=&#8221;1\/2&#8243; css=&#8221;.vc_custom_1675457753974{padding-right: 92px !important;padding-bottom: 30px !important;padding-left: 92px !important;}&#8221; el_class=&#8221;image-row-text&#8221;][vc_column_text el_class=&#8221;dark-under&#8221;]<\/p>\n<h2>CONSULTORIA<\/h2>\n<p>[\/vc_column_text][vc_column_text css=&#8221;.vc_custom_1715930512869{padding-top: 10px !important;padding-bottom: 10px !important;}&#8221; el_class=&#8221;large-text&#8221;]Ciente dos desafios produtivos do mercado, a ProfteQ prop\u00f5e-se como <strong>um verdadeiro parceiro para assistir seus clientes em todos os aspectos da fabrica\u00e7\u00e3o de esquadrias de PVC.<\/strong><br \/>\nO servi\u00e7o de consultoria da ProfteQ cobre n\u00e3o apenas os aspectos t\u00e9cnicos essenciais relacionados com a cria\u00e7\u00e3o de um produto acabado impec\u00e1vel, mas fornece tamb\u00e9m layouts de oficina personalizados at\u00e9 uma an\u00e1lise completa para otimizar o ciclo de trabalho.[\/vc_column_text][\/vc_column][\/vc_row][vc_row equal_height=&#8221;yes&#8221; content_placement=&#8221;middle&#8221; el_class=&#8221;image-row&#8221; css=&#8221;.vc_custom_1662733067943{background-image: url(https:\/\/www.profteq.it\/wp-content\/uploads\/2022\/03\/sfondo-ricambi-ok.jpg?id=295) !important;}&#8221; el_id=&#8221;formazione&#8221;][vc_column width=&#8221;1\/2&#8243; css=&#8221;.vc_custom_1675457764677{padding-right: 92px !important;padding-bottom: 30px !important;padding-left: 92px !important;}&#8221; el_class=&#8221;image-row-text&#8221;][vc_column_text el_class=&#8221;dark-under&#8221;]<\/p>\n<h2>FORMA\u00c7\u00c3O<\/h2>\n<p>[\/vc_column_text][vc_column_text css=&#8221;.vc_custom_1756131360354{padding-top: 10px !important;padding-bottom: 10px !important;}&#8221; el_class=&#8221;large-text&#8221;]<strong>Cursos t\u00e9cnicos e t\u00e9cnico-comerciais s\u00e3o organizados com regularidade na sede da ProfteQ de Villa del Conte, na prov\u00edncia italiana de P\u00e1dua.<\/strong><\/p>\n<p>Todos os nossos cursos s\u00e3o ministrados por t\u00e9cnicos especializados e podem ser personalizados em fun\u00e7\u00e3o das exig\u00eancias espec\u00edficas do cliente.<\/p>\n<p>Entre em contato conosco para obter mais informa\u00e7\u00f5es escrevendo para <a href=\"mailto:service@profteq.it\">service@profteq.it<\/a>[\/vc_column_text][\/vc_column][vc_column width=&#8221;1\/2&#8243; css=&#8221;.vc_custom_1686325558339{background-image: url(https:\/\/www.profteq.it\/wp-content\/uploads\/2023\/06\/Formazione.jpg?id=1382) !important;}&#8221; el_class=&#8221;image-row-img&#8221;][\/vc_column][\/vc_row][vc_row equal_height=&#8221;yes&#8221; content_placement=&#8221;middle&#8221; el_id=&#8221;sei-interesato-row&#8221; el_class=&#8221;middle-row&#8221; css=&#8221;.vc_custom_1675519422738{padding-top: 38px !important;padding-bottom: 93px !important;}&#8221;][vc_column width=&#8221;2\/3&#8243; el_id=&#8221;interesato-desc&#8221; css=&#8221;.vc_custom_1675503678365{padding-right: 10% !important;}&#8221;][vc_column_text el_class=&#8221;dark-under&#8221;]<\/p>\n<h2>TEM INTERESSE EM ALGUM SERVI\u00c7O?<\/h2>\n<p>[\/vc_column_text][\/vc_column][vc_column width=&#8221;1\/3&#8243;][vc_btn title=&#8221;Entre em contato conosco&#8221; align=&#8221;right&#8221; el_class=&#8221;button-light button-gen&#8221; link=&#8221;url:https%3A%2F%2Fwww.profteq.it%2Fpt-pt%2Fcontatos%2F|title:CONTATOS&#8221;][\/vc_column][\/vc_row]<\/p>\n","protected":false},"excerpt":{"rendered":"<p>[vc_row el_id=&#8221;servizi-intro&#8221; css=&#8221;.vc_custom_1675606876622{margin-top: 25px !important;}&#8221; el_class=&#8221;middle-row&#8221;][vc_column css=&#8221;.vc_custom_1675435190329{margin-top: -12px !important;}&#8221;][vc_single_image image=&#8221;2125&#8243; img_size=&#8221;full&#8221; alignment=&#8221;center&#8221;][\/vc_column][\/vc_row][vc_row el_id=&#8221;assistenza-tecnica&#8221; css=&#8221;.vc_custom_1675449897776{padding-bottom: 90px !important;}&#8221;][vc_column][vc_column_text] ASSIST\u00caNCIA T\u00c9CNICA [\/vc_column_text][vc_column_text css=&#8221;.vc_custom_1715930394593{padding-top: 18px !important;padding-bottom: 12px !important;}&#8221;] O servi\u00e7o p\u00f3s-venda da ProfteQ prev\u00ea planos de assist\u00eancia t\u00e9cnica e manuten\u00e7\u00e3o concebidos sob medida em [&hellip;]<\/p>\n","protected":false},"author":7,"featured_media":0,"parent":0,"menu_order":0,"comment_status":"closed","ping_status":"closed","template":"full-width.php","meta":{"_acf_changed":false,"footnotes":""},"class_list":["post-3492","page","type-page","status-publish","hentry"],"acf":[],"yoast_head":"<!-- This site is optimized with the Yoast SEO plugin v26.5 - https:\/\/yoast.com\/wordpress\/plugins\/seo\/ -->\n<title>SERVI\u00c7OS - ProfteQ<\/title>\n<meta name=\"robots\" content=\"index, follow, max-snippet:-1, max-image-preview:large, max-video-preview:-1\" \/>\n<link rel=\"canonical\" href=\"https:\/\/www.profteq.it\/pt-pt\/servicos\/\" \/>\n<meta property=\"og:locale\" content=\"pt_PT\" \/>\n<meta property=\"og:type\" content=\"article\" \/>\n<meta property=\"og:title\" content=\"SERVI\u00c7OS - ProfteQ\" \/>\n<meta property=\"og:description\" content=\"[vc_row el_id=&#8221;servizi-intro&#8221; css=&#8221;.vc_custom_1675606876622{margin-top: 25px !important;}&#8221; el_class=&#8221;middle-row&#8221;][vc_column css=&#8221;.vc_custom_1675435190329{margin-top: -12px !important;}&#8221;][vc_single_image image=&#8221;2125&#8243; img_size=&#8221;full&#8221; alignment=&#8221;center&#8221;][\/vc_column][\/vc_row][vc_row el_id=&#8221;assistenza-tecnica&#8221; css=&#8221;.vc_custom_1675449897776{padding-bottom: 90px !important;}&#8221;][vc_column][vc_column_text] ASSIST\u00caNCIA T\u00c9CNICA [\/vc_column_text][vc_column_text css=&#8221;.vc_custom_1715930394593{padding-top: 18px !important;padding-bottom: 12px !important;}&#8221;] O servi\u00e7o p\u00f3s-venda da ProfteQ prev\u00ea planos de assist\u00eancia t\u00e9cnica e manuten\u00e7\u00e3o concebidos sob medida em [&hellip;]\" \/>\n<meta property=\"og:url\" content=\"https:\/\/www.profteq.it\/pt-pt\/servicos\/\" \/>\n<meta property=\"og:site_name\" content=\"ProfteQ\" \/>\n<meta property=\"article:modified_time\" content=\"2026-03-26T14:48:37+00:00\" \/>\n<meta name=\"twitter:card\" content=\"summary_large_image\" \/>\n<meta name=\"twitter:label1\" content=\"Tempo estimado de leitura\" \/>\n\t<meta name=\"twitter:data1\" content=\"2 minutos\" \/>\n<script type=\"application\/ld+json\" class=\"yoast-schema-graph\">{\"@context\":\"https:\/\/schema.org\",\"@graph\":[{\"@type\":\"WebPage\",\"@id\":\"https:\/\/www.profteq.it\/pt-pt\/servicos\/\",\"url\":\"https:\/\/www.profteq.it\/pt-pt\/servicos\/\",\"name\":\"SERVI\u00c7OS - ProfteQ\",\"isPartOf\":{\"@id\":\"https:\/\/www.profteq.it\/#website\"},\"datePublished\":\"2022-02-07T22:05:09+00:00\",\"dateModified\":\"2026-03-26T14:48:37+00:00\",\"breadcrumb\":{\"@id\":\"https:\/\/www.profteq.it\/pt-pt\/servicos\/#breadcrumb\"},\"inLanguage\":\"pt-PT\",\"potentialAction\":[{\"@type\":\"ReadAction\",\"target\":[\"https:\/\/www.profteq.it\/pt-pt\/servicos\/\"]}]},{\"@type\":\"BreadcrumbList\",\"@id\":\"https:\/\/www.profteq.it\/pt-pt\/servicos\/#breadcrumb\",\"itemListElement\":[{\"@type\":\"ListItem\",\"position\":1,\"name\":\"Home\",\"item\":\"https:\/\/www.profteq.it\/\"},{\"@type\":\"ListItem\",\"position\":2,\"name\":\"SERVI\u00c7OS\"}]},{\"@type\":\"WebSite\",\"@id\":\"https:\/\/www.profteq.it\/#website\",\"url\":\"https:\/\/www.profteq.it\/\",\"name\":\"ProfteQ\",\"description\":\"\",\"potentialAction\":[{\"@type\":\"SearchAction\",\"target\":{\"@type\":\"EntryPoint\",\"urlTemplate\":\"https:\/\/www.profteq.it\/?s={search_term_string}\"},\"query-input\":{\"@type\":\"PropertyValueSpecification\",\"valueRequired\":true,\"valueName\":\"search_term_string\"}}],\"inLanguage\":\"pt-PT\"}]}<\/script>\n<!-- \/ Yoast SEO plugin. -->","yoast_head_json":{"title":"SERVI\u00c7OS - ProfteQ","robots":{"index":"index","follow":"follow","max-snippet":"max-snippet:-1","max-image-preview":"max-image-preview:large","max-video-preview":"max-video-preview:-1"},"canonical":"https:\/\/www.profteq.it\/pt-pt\/servicos\/","og_locale":"pt_PT","og_type":"article","og_title":"SERVI\u00c7OS - ProfteQ","og_description":"[vc_row el_id=&#8221;servizi-intro&#8221; css=&#8221;.vc_custom_1675606876622{margin-top: 25px !important;}&#8221; el_class=&#8221;middle-row&#8221;][vc_column css=&#8221;.vc_custom_1675435190329{margin-top: -12px !important;}&#8221;][vc_single_image image=&#8221;2125&#8243; img_size=&#8221;full&#8221; alignment=&#8221;center&#8221;][\/vc_column][\/vc_row][vc_row el_id=&#8221;assistenza-tecnica&#8221; css=&#8221;.vc_custom_1675449897776{padding-bottom: 90px !important;}&#8221;][vc_column][vc_column_text] ASSIST\u00caNCIA T\u00c9CNICA [\/vc_column_text][vc_column_text css=&#8221;.vc_custom_1715930394593{padding-top: 18px !important;padding-bottom: 12px !important;}&#8221;] O servi\u00e7o p\u00f3s-venda da ProfteQ prev\u00ea planos de assist\u00eancia t\u00e9cnica e manuten\u00e7\u00e3o concebidos sob medida em [&hellip;]","og_url":"https:\/\/www.profteq.it\/pt-pt\/servicos\/","og_site_name":"ProfteQ","article_modified_time":"2026-03-26T14:48:37+00:00","twitter_card":"summary_large_image","twitter_misc":{"Tempo estimado de leitura":"2 minutos"},"schema":{"@context":"https:\/\/schema.org","@graph":[{"@type":"WebPage","@id":"https:\/\/www.profteq.it\/pt-pt\/servicos\/","url":"https:\/\/www.profteq.it\/pt-pt\/servicos\/","name":"SERVI\u00c7OS - ProfteQ","isPartOf":{"@id":"https:\/\/www.profteq.it\/#website"},"datePublished":"2022-02-07T22:05:09+00:00","dateModified":"2026-03-26T14:48:37+00:00","breadcrumb":{"@id":"https:\/\/www.profteq.it\/pt-pt\/servicos\/#breadcrumb"},"inLanguage":"pt-PT","potentialAction":[{"@type":"ReadAction","target":["https:\/\/www.profteq.it\/pt-pt\/servicos\/"]}]},{"@type":"BreadcrumbList","@id":"https:\/\/www.profteq.it\/pt-pt\/servicos\/#breadcrumb","itemListElement":[{"@type":"ListItem","position":1,"name":"Home","item":"https:\/\/www.profteq.it\/"},{"@type":"ListItem","position":2,"name":"SERVI\u00c7OS"}]},{"@type":"WebSite","@id":"https:\/\/www.profteq.it\/#website","url":"https:\/\/www.profteq.it\/","name":"ProfteQ","description":"","potentialAction":[{"@type":"SearchAction","target":{"@type":"EntryPoint","urlTemplate":"https:\/\/www.profteq.it\/?s={search_term_string}"},"query-input":{"@type":"PropertyValueSpecification","valueRequired":true,"valueName":"search_term_string"}}],"inLanguage":"pt-PT"}]}},"_links":{"self":[{"href":"https:\/\/www.profteq.it\/pt-pt\/wp-json\/wp\/v2\/pages\/3492","targetHints":{"allow":["GET"]}}],"collection":[{"href":"https:\/\/www.profteq.it\/pt-pt\/wp-json\/wp\/v2\/pages"}],"about":[{"href":"https:\/\/www.profteq.it\/pt-pt\/wp-json\/wp\/v2\/types\/page"}],"author":[{"embeddable":true,"href":"https:\/\/www.profteq.it\/pt-pt\/wp-json\/wp\/v2\/users\/7"}],"replies":[{"embeddable":true,"href":"https:\/\/www.profteq.it\/pt-pt\/wp-json\/wp\/v2\/comments?post=3492"}],"version-history":[{"count":6,"href":"https:\/\/www.profteq.it\/pt-pt\/wp-json\/wp\/v2\/pages\/3492\/revisions"}],"predecessor-version":[{"id":4164,"href":"https:\/\/www.profteq.it\/pt-pt\/wp-json\/wp\/v2\/pages\/3492\/revisions\/4164"}],"wp:attachment":[{"href":"https:\/\/www.profteq.it\/pt-pt\/wp-json\/wp\/v2\/media?parent=3492"}],"curies":[{"name":"wp","href":"https:\/\/api.w.org\/{rel}","templated":true}]}}