{"id":3718,"date":"2022-02-07T23:05:09","date_gmt":"2022-02-07T22:05:09","guid":{"rendered":"https:\/\/www.profteq.it\/?page_id=3718"},"modified":"2026-03-26T15:49:39","modified_gmt":"2026-03-26T14:49:39","slug":"dienstleistungen","status":"publish","type":"page","link":"https:\/\/www.profteq.it\/de\/dienstleistungen\/","title":{"rendered":"Dienstleistungen"},"content":{"rendered":"<p>[vc_row el_id=&#8220;servizi-intro&#8220; css=&#8220;.vc_custom_1675606876622{margin-top: 25px !important;}&#8220; el_class=&#8220;middle-row&#8220;][vc_column css=&#8220;.vc_custom_1675435190329{margin-top: -12px !important;}&#8220;][vc_single_image image=&#8220;1380&#8243; img_size=&#8220;full&#8220; alignment=&#8220;center&#8220;][\/vc_column][\/vc_row][vc_row el_id=&#8220;assistenza-tecnica&#8220; css=&#8220;.vc_custom_1675449897776{padding-bottom: 90px !important;}&#8220;][vc_column][vc_column_text]<\/p>\n<h2 style=\"text-align: center;\">Technische Unterst\u00fctzung<\/h2>\n<p>[\/vc_column_text][vc_column_text css=&#8220;.vc_custom_1736325777971{padding-top: 18px !important;padding-bottom: 12px !important;}&#8220;]<\/p>\n<p style=\"text-align: center;\"><strong>Der Kundendienst von ProfteQ bietet ma\u00dfgeschneiderte technische Unterst\u00fctzung und Wartungspl\u00e4ne,<\/strong> die auf den Maschinenpark und die unterschiedlichen Produktionsanforderungen jedes Kunden abgestimmt sind.<\/p>\n<p style=\"text-align: center;\">Dank des gro\u00dfen Fachwissens der autorisierten ProfteQ-H\u00e4ndler und -Zentren auf der ganzen Welt sind wir in der Lage, <strong>einen schnellen, effizienten und professionellen Service zu leisten.<\/strong><\/p>\n<p style=\"text-align: center;\"><strong>Wir bieten unseren Kunden vollst\u00e4ndig anpassbare Telefon- und Fernunterst\u00fctzungspakete.<\/strong><br \/>\nDer Dienst wird von Montag bis Freitag in der Zeit von 09:00 &#8211; 12:00 \/13:30 &#8211; 16:30 Uhr angeboten.<\/p>\n<p>[\/vc_column_text][vc_column_text el_class=&#8220;large-text&#8220; css=&#8220;.vc_custom_1774536574869{padding-top: 5px !important;}&#8220;]<\/p>\n<p style=\"text-align: center;\">Kontaktieren Sie unsere Fachtechniker unter der Rufnummer <a href=\"tel:390499325691\"><span style=\"color: #005140;\">+39 049 9325691<\/span><\/a> oder schreiben Sie an <a href=\"mailto:service@profteq.it\"><span style=\"color: #005140;\">service@profteq.it<\/span><\/a><\/p>\n<p>[\/vc_column_text][\/vc_column][\/vc_row][vc_row equal_height=&#8220;yes&#8220; content_placement=&#8220;middle&#8220; el_id=&#8220;assistenza-service&#8220; el_class=&#8220;image-row&#8220;][vc_column width=&#8220;1\/2&#8243; css=&#8220;.vc_custom_1686325521015{background-image: url(https:\/\/www.profteq.it\/wp-content\/uploads\/2023\/06\/Consulenza.jpg?id=1381) !important;}&#8220; el_class=&#8220;image-row-img&#8220;][\/vc_column][vc_column width=&#8220;1\/2&#8243; css=&#8220;.vc_custom_1675457753974{padding-right: 92px !important;padding-bottom: 30px !important;padding-left: 92px !important;}&#8220; el_class=&#8220;image-row-text&#8220;][vc_column_text el_class=&#8220;dark-under&#8220;]<\/p>\n<h2>Beratung<\/h2>\n<p>[\/vc_column_text][vc_column_text css=&#8220;.vc_custom_1736325931488{padding-top: 10px !important;padding-bottom: 10px !important;}&#8220; el_class=&#8220;large-text&#8220;]ProfteQ ist sich der Produktionsherausforderungen des Marktes bewusst und pr\u00e4sentiert sich als echter Partner, <strong>der seine Kunden in allen Aspekten der Produktion von PVC-Fenstern und -T\u00fcren unterst\u00fctzt.<\/strong><\/p>\n<p>Der ProfteQ-Beratungsservice deckt nicht nur wesentliche technische Aspekte f\u00fcr die Herstellung eines einwandfreien Endprodukts ab, sondern bietet auch ma\u00dfgeschneiderte Werkstattlayouts bis hin zu einer umfassenden Analyse zur Optimierung der Arbeitsabl\u00e4ufe.[\/vc_column_text][\/vc_column][\/vc_row][vc_row equal_height=&#8220;yes&#8220; content_placement=&#8220;middle&#8220; el_class=&#8220;image-row&#8220; css=&#8220;.vc_custom_1662733067943{background-image: url(https:\/\/www.profteq.it\/wp-content\/uploads\/2022\/03\/sfondo-ricambi-ok.jpg?id=295) !important;}&#8220; el_id=&#8220;formazione&#8220;][vc_column width=&#8220;1\/2&#8243; css=&#8220;.vc_custom_1675457764677{padding-right: 92px !important;padding-bottom: 30px !important;padding-left: 92px !important;}&#8220; el_class=&#8220;image-row-text&#8220;][vc_column_text el_class=&#8220;dark-under&#8220;]<\/p>\n<h2>Aus- und Weiterbildung<\/h2>\n<p>[\/vc_column_text][vc_column_text css=&#8220;.vc_custom_1756131338868{padding-top: 10px !important;padding-bottom: 10px !important;}&#8220; el_class=&#8220;large-text&#8220;]<strong>Am Hauptsitz von ProfteQ in Villa del Conte<\/strong> werden regelm\u00e4\u00dfig technische und technisch-kaufm\u00e4nnische Schulungen organisiert.<\/p>\n<p>Alle unsere Kurse werden von technischem Fachpersonal gehalten und k\u00f6nnen auf die spezifischen Bed\u00fcrfnisse des Kunden zugeschnitten werden.<\/p>\n<p>Bitte kontaktieren Sie uns f\u00fcr weitere Informationen unter <a href=\"mailto:service@profteq.it\">service@profteq.it<\/a>[\/vc_column_text][\/vc_column][vc_column width=&#8220;1\/2&#8243; css=&#8220;.vc_custom_1686325558339{background-image: url(https:\/\/www.profteq.it\/wp-content\/uploads\/2023\/06\/Formazione.jpg?id=1382) !important;}&#8220; el_class=&#8220;image-row-img&#8220;][\/vc_column][\/vc_row][vc_row equal_height=&#8220;yes&#8220; content_placement=&#8220;middle&#8220; el_id=&#8220;sei-interesato-row&#8220; el_class=&#8220;middle-row&#8220; css=&#8220;.vc_custom_1675519422738{padding-top: 38px !important;padding-bottom: 93px !important;}&#8220;][vc_column width=&#8220;2\/3&#8243; el_id=&#8220;interesato-desc&#8220; css=&#8220;.vc_custom_1675503678365{padding-right: 10% !important;}&#8220;][vc_column_text el_class=&#8220;dark-under&#8220;]<\/p>\n<h2>Sind Sie an einer Dienstleistung interessiert?<\/h2>\n<p>[\/vc_column_text][\/vc_column][vc_column width=&#8220;1\/3&#8243;][vc_btn title=&#8220;Kontaktieren Sie uns&#8220; align=&#8220;right&#8220; el_class=&#8220;button-light button-gen&#8220; link=&#8220;url:https%3A%2F%2Fwww.profteq.it%2Fde%2Fkontakt%2F&#8220;][\/vc_column][\/vc_row]<\/p>\n","protected":false},"excerpt":{"rendered":"<p>[vc_row el_id=&#8220;servizi-intro&#8220; css=&#8220;.vc_custom_1675606876622{margin-top: 25px !important;}&#8220; el_class=&#8220;middle-row&#8220;][vc_column css=&#8220;.vc_custom_1675435190329{margin-top: -12px !important;}&#8220;][vc_single_image image=&#8220;1380&#8243; img_size=&#8220;full&#8220; alignment=&#8220;center&#8220;][\/vc_column][\/vc_row][vc_row el_id=&#8220;assistenza-tecnica&#8220; css=&#8220;.vc_custom_1675449897776{padding-bottom: 90px !important;}&#8220;][vc_column][vc_column_text] Technische Unterst\u00fctzung [\/vc_column_text][vc_column_text css=&#8220;.vc_custom_1736325777971{padding-top: 18px !important;padding-bottom: 12px !important;}&#8220;] Der Kundendienst von ProfteQ bietet ma\u00dfgeschneiderte technische Unterst\u00fctzung und Wartungspl\u00e4ne, die auf den Maschinenpark und die [&hellip;]<\/p>\n","protected":false},"author":7,"featured_media":0,"parent":0,"menu_order":0,"comment_status":"closed","ping_status":"closed","template":"full-width.php","meta":{"_acf_changed":false,"footnotes":""},"class_list":["post-3718","page","type-page","status-publish","hentry"],"acf":[],"yoast_head":"<!-- This site is optimized with the Yoast SEO plugin v26.5 - https:\/\/yoast.com\/wordpress\/plugins\/seo\/ -->\n<title>Dienstleistungen - ProfteQ<\/title>\n<meta name=\"robots\" content=\"index, follow, max-snippet:-1, max-image-preview:large, max-video-preview:-1\" \/>\n<link rel=\"canonical\" href=\"https:\/\/www.profteq.it\/de\/dienstleistungen\/\" \/>\n<meta property=\"og:locale\" content=\"de_DE\" \/>\n<meta property=\"og:type\" content=\"article\" \/>\n<meta property=\"og:title\" content=\"Dienstleistungen - ProfteQ\" \/>\n<meta property=\"og:description\" content=\"[vc_row el_id=&#8220;servizi-intro&#8220; css=&#8220;.vc_custom_1675606876622{margin-top: 25px !important;}&#8220; el_class=&#8220;middle-row&#8220;][vc_column css=&#8220;.vc_custom_1675435190329{margin-top: -12px !important;}&#8220;][vc_single_image image=&#8220;1380&#8243; img_size=&#8220;full&#8220; alignment=&#8220;center&#8220;][\/vc_column][\/vc_row][vc_row el_id=&#8220;assistenza-tecnica&#8220; css=&#8220;.vc_custom_1675449897776{padding-bottom: 90px !important;}&#8220;][vc_column][vc_column_text] Technische Unterst\u00fctzung [\/vc_column_text][vc_column_text css=&#8220;.vc_custom_1736325777971{padding-top: 18px !important;padding-bottom: 12px !important;}&#8220;] Der Kundendienst von ProfteQ bietet ma\u00dfgeschneiderte technische Unterst\u00fctzung und Wartungspl\u00e4ne, die auf den Maschinenpark und die [&hellip;]\" \/>\n<meta property=\"og:url\" content=\"https:\/\/www.profteq.it\/de\/dienstleistungen\/\" \/>\n<meta property=\"og:site_name\" content=\"ProfteQ\" \/>\n<meta property=\"article:modified_time\" content=\"2026-03-26T14:49:39+00:00\" \/>\n<meta name=\"twitter:card\" content=\"summary_large_image\" \/>\n<meta name=\"twitter:label1\" content=\"Gesch\u00e4tzte Lesezeit\" \/>\n\t<meta name=\"twitter:data1\" content=\"2\u00a0Minuten\" \/>\n<script type=\"application\/ld+json\" class=\"yoast-schema-graph\">{\"@context\":\"https:\/\/schema.org\",\"@graph\":[{\"@type\":\"WebPage\",\"@id\":\"https:\/\/www.profteq.it\/de\/dienstleistungen\/\",\"url\":\"https:\/\/www.profteq.it\/de\/dienstleistungen\/\",\"name\":\"Dienstleistungen - ProfteQ\",\"isPartOf\":{\"@id\":\"https:\/\/www.profteq.it\/#website\"},\"datePublished\":\"2022-02-07T22:05:09+00:00\",\"dateModified\":\"2026-03-26T14:49:39+00:00\",\"breadcrumb\":{\"@id\":\"https:\/\/www.profteq.it\/de\/dienstleistungen\/#breadcrumb\"},\"inLanguage\":\"de\",\"potentialAction\":[{\"@type\":\"ReadAction\",\"target\":[\"https:\/\/www.profteq.it\/de\/dienstleistungen\/\"]}]},{\"@type\":\"BreadcrumbList\",\"@id\":\"https:\/\/www.profteq.it\/de\/dienstleistungen\/#breadcrumb\",\"itemListElement\":[{\"@type\":\"ListItem\",\"position\":1,\"name\":\"Home\",\"item\":\"https:\/\/www.profteq.it\/de\/\"},{\"@type\":\"ListItem\",\"position\":2,\"name\":\"Dienstleistungen\"}]},{\"@type\":\"WebSite\",\"@id\":\"https:\/\/www.profteq.it\/#website\",\"url\":\"https:\/\/www.profteq.it\/\",\"name\":\"ProfteQ\",\"description\":\"\",\"potentialAction\":[{\"@type\":\"SearchAction\",\"target\":{\"@type\":\"EntryPoint\",\"urlTemplate\":\"https:\/\/www.profteq.it\/?s={search_term_string}\"},\"query-input\":{\"@type\":\"PropertyValueSpecification\",\"valueRequired\":true,\"valueName\":\"search_term_string\"}}],\"inLanguage\":\"de\"}]}<\/script>\n<!-- \/ Yoast SEO plugin. -->","yoast_head_json":{"title":"Dienstleistungen - ProfteQ","robots":{"index":"index","follow":"follow","max-snippet":"max-snippet:-1","max-image-preview":"max-image-preview:large","max-video-preview":"max-video-preview:-1"},"canonical":"https:\/\/www.profteq.it\/de\/dienstleistungen\/","og_locale":"de_DE","og_type":"article","og_title":"Dienstleistungen - ProfteQ","og_description":"[vc_row el_id=&#8220;servizi-intro&#8220; css=&#8220;.vc_custom_1675606876622{margin-top: 25px !important;}&#8220; el_class=&#8220;middle-row&#8220;][vc_column css=&#8220;.vc_custom_1675435190329{margin-top: -12px !important;}&#8220;][vc_single_image image=&#8220;1380&#8243; img_size=&#8220;full&#8220; alignment=&#8220;center&#8220;][\/vc_column][\/vc_row][vc_row el_id=&#8220;assistenza-tecnica&#8220; css=&#8220;.vc_custom_1675449897776{padding-bottom: 90px !important;}&#8220;][vc_column][vc_column_text] Technische Unterst\u00fctzung [\/vc_column_text][vc_column_text css=&#8220;.vc_custom_1736325777971{padding-top: 18px !important;padding-bottom: 12px !important;}&#8220;] Der Kundendienst von ProfteQ bietet ma\u00dfgeschneiderte technische Unterst\u00fctzung und Wartungspl\u00e4ne, die auf den Maschinenpark und die [&hellip;]","og_url":"https:\/\/www.profteq.it\/de\/dienstleistungen\/","og_site_name":"ProfteQ","article_modified_time":"2026-03-26T14:49:39+00:00","twitter_card":"summary_large_image","twitter_misc":{"Gesch\u00e4tzte Lesezeit":"2\u00a0Minuten"},"schema":{"@context":"https:\/\/schema.org","@graph":[{"@type":"WebPage","@id":"https:\/\/www.profteq.it\/de\/dienstleistungen\/","url":"https:\/\/www.profteq.it\/de\/dienstleistungen\/","name":"Dienstleistungen - ProfteQ","isPartOf":{"@id":"https:\/\/www.profteq.it\/#website"},"datePublished":"2022-02-07T22:05:09+00:00","dateModified":"2026-03-26T14:49:39+00:00","breadcrumb":{"@id":"https:\/\/www.profteq.it\/de\/dienstleistungen\/#breadcrumb"},"inLanguage":"de","potentialAction":[{"@type":"ReadAction","target":["https:\/\/www.profteq.it\/de\/dienstleistungen\/"]}]},{"@type":"BreadcrumbList","@id":"https:\/\/www.profteq.it\/de\/dienstleistungen\/#breadcrumb","itemListElement":[{"@type":"ListItem","position":1,"name":"Home","item":"https:\/\/www.profteq.it\/de\/"},{"@type":"ListItem","position":2,"name":"Dienstleistungen"}]},{"@type":"WebSite","@id":"https:\/\/www.profteq.it\/#website","url":"https:\/\/www.profteq.it\/","name":"ProfteQ","description":"","potentialAction":[{"@type":"SearchAction","target":{"@type":"EntryPoint","urlTemplate":"https:\/\/www.profteq.it\/?s={search_term_string}"},"query-input":{"@type":"PropertyValueSpecification","valueRequired":true,"valueName":"search_term_string"}}],"inLanguage":"de"}]}},"_links":{"self":[{"href":"https:\/\/www.profteq.it\/de\/wp-json\/wp\/v2\/pages\/3718","targetHints":{"allow":["GET"]}}],"collection":[{"href":"https:\/\/www.profteq.it\/de\/wp-json\/wp\/v2\/pages"}],"about":[{"href":"https:\/\/www.profteq.it\/de\/wp-json\/wp\/v2\/types\/page"}],"author":[{"embeddable":true,"href":"https:\/\/www.profteq.it\/de\/wp-json\/wp\/v2\/users\/7"}],"replies":[{"embeddable":true,"href":"https:\/\/www.profteq.it\/de\/wp-json\/wp\/v2\/comments?post=3718"}],"version-history":[{"count":5,"href":"https:\/\/www.profteq.it\/de\/wp-json\/wp\/v2\/pages\/3718\/revisions"}],"predecessor-version":[{"id":4165,"href":"https:\/\/www.profteq.it\/de\/wp-json\/wp\/v2\/pages\/3718\/revisions\/4165"}],"wp:attachment":[{"href":"https:\/\/www.profteq.it\/de\/wp-json\/wp\/v2\/media?parent=3718"}],"curies":[{"name":"wp","href":"https:\/\/api.w.org\/{rel}","templated":true}]}}