{"id":3716,"date":"2023-02-03T15:27:18","date_gmt":"2023-02-03T14:27:18","guid":{"rendered":"https:\/\/www.profteq.it\/?page_id=3716"},"modified":"2025-01-10T16:42:48","modified_gmt":"2025-01-10T15:42:48","slug":"loesungen","status":"publish","type":"page","link":"https:\/\/www.profteq.it\/de\/loesungen\/","title":{"rendered":"L\u00f6sungen"},"content":{"rendered":"<p>[vc_row el_id=&#8220;soluzioni-intro&#8220;][vc_column css=&#8220;.vc_custom_1675435190329{margin-top: -12px !important;}&#8220;][vc_single_image image=&#8220;1384&#8243; img_size=&#8220;full&#8220; alignment=&#8220;center&#8220;][\/vc_column][\/vc_row][vc_row el_id=&#8220;customizzazione&#8220; css=&#8220;.vc_custom_1675443438082{padding-bottom: 104px !important;}&#8220;][vc_column][vc_column_text]<\/p>\n<h2 style=\"text-align: center;\">Individuelle Anpassung<\/h2>\n<p>[\/vc_column_text][vc_column_text el_class=&#8220;large-text&#8220; css=&#8220;.vc_custom_1736324875400{padding-top: 18px !important;padding-bottom: 12px !important;}&#8220;]<\/p>\n<p style=\"text-align: center;\">ProfteQ bietet L\u00f6sungen, die auf die Platz- und Produktivit\u00e4tsbed\u00fcrfnisse seiner Kunden abgestimmt sind.<\/p>\n<p>[\/vc_column_text][vc_column_text]<\/p>\n<p style=\"text-align: center;\"><strong>Jede unserer L\u00f6sungen hat das Ziel, die Effizienz und Entwicklung unserer Kunden zu verbessern.<\/strong><\/p>\n<p style=\"text-align: center;\">F\u00fcr diejenigen, die es gewohnt sind, Maschinen mit nur einer Funktion in ihrer Werkstatt zu installieren, empfehlen wir, die Schwei\u00dfmaschine mit der Reinigungsmaschine \u00fcber die Entladebank und den Drehtisch zu verbinden. Auf diese Weise ist es m\u00f6glich, ein einziges System zu erhalten, <strong>das von nur einer Person bedient wird, und die Leistung in Bezug auf Zeit und Ergebnisse sichtbar zu verbessern.<\/strong><\/p>\n<p>[\/vc_column_text][vc_btn title=&#8220;Individuelle Anpassungen anfordern&#8220; align=&#8220;center&#8220; el_class=&#8220;button-light button-gen&#8220; link=&#8220;url:https%3A%2F%2Fwww.profteq.it%2Fde%2Fkontakt%2F&#8220;][\/vc_column][\/vc_row][vc_row full_width=&#8220;stretch_row_content_no_spaces&#8220; css=&#8220;.vc_custom_1675446149268{padding-right: 6% !important;padding-bottom: 150px !important;padding-left: 6% !important;}&#8220; el_id=&#8220;soluzioni-halfs-row&#8220;][vc_column width=&#8220;1\/2&#8243; el_class=&#8220;soluzioni-half&#8220; el_id=&#8220;tr4p&#8220;][vc_single_image image=&#8220;3877&#8243; img_size=&#8220;full&#8220;][vc_column_text]<\/p>\n<h2>TR4P + BE4PI<\/h2>\n<p>[\/vc_column_text][vc_column_text el_class=&#8220;large-text&#8220;]<strong>Um die Produktivit\u00e4t st\u00e4ndig zu verbessern und eine immer gr\u00f6\u00dfere Vielseitigkeit zu erm\u00f6glichen, haben wir eine einzige Anlage entwickelt, die aus einer Gehrungskapps\u00e4ge und einer motorisierten Rollenbahn mit doppeltem Anschlag besteht<\/strong>. Dadurch k\u00f6nnen wir unseren Kunden die M\u00f6glichkeit bieten, zwei Paar Glasleistenprofile (H\u00f6he &#8211; Breite) in einem einzigen Zyklus zu schneiden.<\/p>\n<p>Die <strong>TR4P+BE4PI<\/strong> ist mit einem PC mit der HMI-Software PQGB ausgestattet, die verschiedene M\u00f6glichkeiten zur Bew\u00e4ltigung unterschiedlicher Anforderungen bietet: vom manuellen Laden der Daten mit Managementsystemen \u00fcber das Hochladen von Schneidlisten bis hin zur Verwendung in Kombination mit dem elektronischen Comall-Messschieber f\u00fcr die physische Vermessung der Fl\u00fcgel\u00f6ffnung.<\/p>\n<p>Die <strong>TR4P+BE4PI<\/strong> ist au\u00dferdem mit einem einstellbaren Einspann- und Glassimulationssystem ausgestattet, das es erm\u00f6glicht, verschiedene Glasleistenprofile zu schneiden, ohne dass Spannvorrichtungen verwendet werden m\u00fcssen, sondern einfach durch Ver\u00e4nderung der mechanischen Anschl\u00e4ge.[\/vc_column_text][vc_btn title=&#8220;Weitere Informationen&#8220; align=&#8220;center&#8220; el_class=&#8220;button-light button-gen&#8220; link=&#8220;url:https%3A%2F%2Fwww.profteq.it%2Fde%2Fkontakt%2F&#8220;][\/vc_column][vc_column width=&#8220;1\/2&#8243; el_class=&#8220;soluzioni-half&#8220; el_id=&#8220;sellatura-a-90&#8243;][vc_single_image image=&#8220;3139&#8243; img_size=&#8220;full&#8220;][vc_column_text]<\/p>\n<h2>90\u00b0-Schwei\u00dfung<\/h2>\n<p>[\/vc_column_text][vc_column_text el_class=&#8220;large-text&#8220;]Die <strong>90\u00b0-Schwei\u00dfung<\/strong> bezieht sich auf eine vorgeschlagene Ausf\u00fchrung der Eckverbindung des Fensters, die die typische \u00c4sthetik von Holzfenstern widerspiegelt.<\/p>\n<p>Dieses Finish wird erzielt, indem vor dem Schwei\u00dfen ein Eckenschnitt mit der <strong>FR9045 MKII-Ausklinkfr\u00e4se<\/strong> durchgef\u00fchrt wird. Anschlie\u00dfend wird die so vorbereitete Ecke mit einem speziellen Zyklus auf dem<strong> LINK 9045<\/strong> oder <strong>QUAD 9045<\/strong> geschwei\u00dft.<\/p>\n<p>Die <strong>90\u00b0-Schwei\u00dfung<\/strong> eignet sich besonders f\u00fcr Kunden, die sowohl \u00fcber eine Ausklinkfr\u00e4se als auch eine Schwei\u00dfmaschine verf\u00fcgen, da sie eine Diversifikation des Endprodukts hinsichtlich der Oberfl\u00e4chenbehandlung erm\u00f6glicht.[\/vc_column_text][vc_btn title=&#8220;Weitere Informationen&#8220; align=&#8220;center&#8220; el_class=&#8220;button-light button-gen&#8220; link=&#8220;url:https%3A%2F%2Fwww.profteq.it%2Fde%2Fkontakt%2F&#8220;][\/vc_column][\/vc_row]<\/p>\n","protected":false},"excerpt":{"rendered":"<p>[vc_row el_id=&#8220;soluzioni-intro&#8220;][vc_column css=&#8220;.vc_custom_1675435190329{margin-top: -12px !important;}&#8220;][vc_single_image image=&#8220;1384&#8243; img_size=&#8220;full&#8220; alignment=&#8220;center&#8220;][\/vc_column][\/vc_row][vc_row el_id=&#8220;customizzazione&#8220; css=&#8220;.vc_custom_1675443438082{padding-bottom: 104px !important;}&#8220;][vc_column][vc_column_text] Individuelle Anpassung [\/vc_column_text][vc_column_text el_class=&#8220;large-text&#8220; css=&#8220;.vc_custom_1736324875400{padding-top: 18px !important;padding-bottom: 12px !important;}&#8220;] ProfteQ bietet L\u00f6sungen, die auf die Platz- und Produktivit\u00e4tsbed\u00fcrfnisse seiner Kunden abgestimmt sind. [\/vc_column_text][vc_column_text] Jede unserer L\u00f6sungen hat das [&hellip;]<\/p>\n","protected":false},"author":7,"featured_media":0,"parent":0,"menu_order":0,"comment_status":"closed","ping_status":"closed","template":"","meta":{"_acf_changed":false,"footnotes":""},"class_list":["post-3716","page","type-page","status-publish","hentry"],"acf":[],"yoast_head":"<!-- This site is optimized with the Yoast SEO plugin v26.5 - https:\/\/yoast.com\/wordpress\/plugins\/seo\/ -->\n<title>L\u00f6sungen - ProfteQ<\/title>\n<meta name=\"robots\" content=\"index, follow, max-snippet:-1, max-image-preview:large, max-video-preview:-1\" \/>\n<link rel=\"canonical\" href=\"https:\/\/www.profteq.it\/de\/loesungen\/\" \/>\n<meta property=\"og:locale\" content=\"de_DE\" \/>\n<meta property=\"og:type\" content=\"article\" \/>\n<meta property=\"og:title\" content=\"L\u00f6sungen - ProfteQ\" \/>\n<meta property=\"og:description\" content=\"[vc_row el_id=&#8220;soluzioni-intro&#8220;][vc_column css=&#8220;.vc_custom_1675435190329{margin-top: -12px !important;}&#8220;][vc_single_image image=&#8220;1384&#8243; img_size=&#8220;full&#8220; alignment=&#8220;center&#8220;][\/vc_column][\/vc_row][vc_row el_id=&#8220;customizzazione&#8220; css=&#8220;.vc_custom_1675443438082{padding-bottom: 104px !important;}&#8220;][vc_column][vc_column_text] Individuelle Anpassung [\/vc_column_text][vc_column_text el_class=&#8220;large-text&#8220; css=&#8220;.vc_custom_1736324875400{padding-top: 18px !important;padding-bottom: 12px !important;}&#8220;] ProfteQ bietet L\u00f6sungen, die auf die Platz- und Produktivit\u00e4tsbed\u00fcrfnisse seiner Kunden abgestimmt sind. [\/vc_column_text][vc_column_text] Jede unserer L\u00f6sungen hat das [&hellip;]\" \/>\n<meta property=\"og:url\" content=\"https:\/\/www.profteq.it\/de\/loesungen\/\" \/>\n<meta property=\"og:site_name\" content=\"ProfteQ\" \/>\n<meta property=\"article:modified_time\" content=\"2025-01-10T15:42:48+00:00\" \/>\n<meta name=\"twitter:card\" content=\"summary_large_image\" \/>\n<meta name=\"twitter:label1\" content=\"Gesch\u00e4tzte Lesezeit\" \/>\n\t<meta name=\"twitter:data1\" content=\"3\u00a0Minuten\" \/>\n<script type=\"application\/ld+json\" class=\"yoast-schema-graph\">{\"@context\":\"https:\/\/schema.org\",\"@graph\":[{\"@type\":\"WebPage\",\"@id\":\"https:\/\/www.profteq.it\/de\/loesungen\/\",\"url\":\"https:\/\/www.profteq.it\/de\/loesungen\/\",\"name\":\"L\u00f6sungen - ProfteQ\",\"isPartOf\":{\"@id\":\"https:\/\/www.profteq.it\/#website\"},\"datePublished\":\"2023-02-03T14:27:18+00:00\",\"dateModified\":\"2025-01-10T15:42:48+00:00\",\"breadcrumb\":{\"@id\":\"https:\/\/www.profteq.it\/de\/loesungen\/#breadcrumb\"},\"inLanguage\":\"de\",\"potentialAction\":[{\"@type\":\"ReadAction\",\"target\":[\"https:\/\/www.profteq.it\/de\/loesungen\/\"]}]},{\"@type\":\"BreadcrumbList\",\"@id\":\"https:\/\/www.profteq.it\/de\/loesungen\/#breadcrumb\",\"itemListElement\":[{\"@type\":\"ListItem\",\"position\":1,\"name\":\"Home\",\"item\":\"https:\/\/www.profteq.it\/de\/\"},{\"@type\":\"ListItem\",\"position\":2,\"name\":\"L\u00f6sungen\"}]},{\"@type\":\"WebSite\",\"@id\":\"https:\/\/www.profteq.it\/#website\",\"url\":\"https:\/\/www.profteq.it\/\",\"name\":\"ProfteQ\",\"description\":\"\",\"potentialAction\":[{\"@type\":\"SearchAction\",\"target\":{\"@type\":\"EntryPoint\",\"urlTemplate\":\"https:\/\/www.profteq.it\/?s={search_term_string}\"},\"query-input\":{\"@type\":\"PropertyValueSpecification\",\"valueRequired\":true,\"valueName\":\"search_term_string\"}}],\"inLanguage\":\"de\"}]}<\/script>\n<!-- \/ Yoast SEO plugin. -->","yoast_head_json":{"title":"L\u00f6sungen - ProfteQ","robots":{"index":"index","follow":"follow","max-snippet":"max-snippet:-1","max-image-preview":"max-image-preview:large","max-video-preview":"max-video-preview:-1"},"canonical":"https:\/\/www.profteq.it\/de\/loesungen\/","og_locale":"de_DE","og_type":"article","og_title":"L\u00f6sungen - ProfteQ","og_description":"[vc_row el_id=&#8220;soluzioni-intro&#8220;][vc_column css=&#8220;.vc_custom_1675435190329{margin-top: -12px !important;}&#8220;][vc_single_image image=&#8220;1384&#8243; img_size=&#8220;full&#8220; alignment=&#8220;center&#8220;][\/vc_column][\/vc_row][vc_row el_id=&#8220;customizzazione&#8220; css=&#8220;.vc_custom_1675443438082{padding-bottom: 104px !important;}&#8220;][vc_column][vc_column_text] Individuelle Anpassung [\/vc_column_text][vc_column_text el_class=&#8220;large-text&#8220; css=&#8220;.vc_custom_1736324875400{padding-top: 18px !important;padding-bottom: 12px !important;}&#8220;] ProfteQ bietet L\u00f6sungen, die auf die Platz- und Produktivit\u00e4tsbed\u00fcrfnisse seiner Kunden abgestimmt sind. [\/vc_column_text][vc_column_text] Jede unserer L\u00f6sungen hat das [&hellip;]","og_url":"https:\/\/www.profteq.it\/de\/loesungen\/","og_site_name":"ProfteQ","article_modified_time":"2025-01-10T15:42:48+00:00","twitter_card":"summary_large_image","twitter_misc":{"Gesch\u00e4tzte Lesezeit":"3\u00a0Minuten"},"schema":{"@context":"https:\/\/schema.org","@graph":[{"@type":"WebPage","@id":"https:\/\/www.profteq.it\/de\/loesungen\/","url":"https:\/\/www.profteq.it\/de\/loesungen\/","name":"L\u00f6sungen - ProfteQ","isPartOf":{"@id":"https:\/\/www.profteq.it\/#website"},"datePublished":"2023-02-03T14:27:18+00:00","dateModified":"2025-01-10T15:42:48+00:00","breadcrumb":{"@id":"https:\/\/www.profteq.it\/de\/loesungen\/#breadcrumb"},"inLanguage":"de","potentialAction":[{"@type":"ReadAction","target":["https:\/\/www.profteq.it\/de\/loesungen\/"]}]},{"@type":"BreadcrumbList","@id":"https:\/\/www.profteq.it\/de\/loesungen\/#breadcrumb","itemListElement":[{"@type":"ListItem","position":1,"name":"Home","item":"https:\/\/www.profteq.it\/de\/"},{"@type":"ListItem","position":2,"name":"L\u00f6sungen"}]},{"@type":"WebSite","@id":"https:\/\/www.profteq.it\/#website","url":"https:\/\/www.profteq.it\/","name":"ProfteQ","description":"","potentialAction":[{"@type":"SearchAction","target":{"@type":"EntryPoint","urlTemplate":"https:\/\/www.profteq.it\/?s={search_term_string}"},"query-input":{"@type":"PropertyValueSpecification","valueRequired":true,"valueName":"search_term_string"}}],"inLanguage":"de"}]}},"_links":{"self":[{"href":"https:\/\/www.profteq.it\/de\/wp-json\/wp\/v2\/pages\/3716","targetHints":{"allow":["GET"]}}],"collection":[{"href":"https:\/\/www.profteq.it\/de\/wp-json\/wp\/v2\/pages"}],"about":[{"href":"https:\/\/www.profteq.it\/de\/wp-json\/wp\/v2\/types\/page"}],"author":[{"embeddable":true,"href":"https:\/\/www.profteq.it\/de\/wp-json\/wp\/v2\/users\/7"}],"replies":[{"embeddable":true,"href":"https:\/\/www.profteq.it\/de\/wp-json\/wp\/v2\/comments?post=3716"}],"version-history":[{"count":4,"href":"https:\/\/www.profteq.it\/de\/wp-json\/wp\/v2\/pages\/3716\/revisions"}],"predecessor-version":[{"id":3931,"href":"https:\/\/www.profteq.it\/de\/wp-json\/wp\/v2\/pages\/3716\/revisions\/3931"}],"wp:attachment":[{"href":"https:\/\/www.profteq.it\/de\/wp-json\/wp\/v2\/media?parent=3716"}],"curies":[{"name":"wp","href":"https:\/\/api.w.org\/{rel}","templated":true}]}}